{"id":411,"date":"2022-03-29T19:07:44","date_gmt":"2022-03-29T19:07:44","guid":{"rendered":"https:\/\/www.emotionwear.tech\/?page_id=411"},"modified":"2022-03-29T19:07:52","modified_gmt":"2022-03-29T19:07:52","slug":"dolores","status":"publish","type":"page","link":"https:\/\/www.emotionwear.tech\/it\/dolores\/","title":{"rendered":"Dolores"},"content":{"rendered":"<p><\/p>\n<div style=\"margin-bottom: 20px;\"><\/div>\n<p>Le cause alla base del mal di schiena sono le pi\u00f9 disparate: scoliosi, osteoporosi, traumi di vario tipo ma anche ansia e tensioni ..<\/p>\n<p>Dolores \u00e8 l\u2019amica fidata che lotter\u00e0 al vostro fianco o, per meglio dire, sulla vostra schiena per dipanare il dolore cervicale, dorsale, lombare.<\/p>\n<p>E lo far\u00e0 con <strong>stile<\/strong>!<\/p>\n<p>Dolores \u00e8 un micro gilet realizzabile in neoprene e jersey che usa degli Heating pad per riscaldare la parte della schiena dolorante, donando sollievo.<br \/>\nUn sensore di temperatura monitora costantemente il device e\u00a0 interviene in caso di superamento della soglia di comfort.<\/p>\n<p>Dolores si connette al sistema IoT Cloud di Arduino e sfrutta la dashboard per interagire con te sia dal computer che dal tuo smartphone. L\u2019App IoT ti permette di regolare il flusso di calore e di monitorarlo costantemente.<\/p>\n<h2>Presentazione di Dolores<\/h2>\n<p>Presentazione @ WeMake per l\u2019Arduino Week 2022<\/p>\n<p><a href=\"https:\/\/www.youtube.com\/watch?v=QNAzkmoBj4E\" target=\"_blank\" rel=\"noopener\">Streaming youtube<\/a><\/p>","protected":false},"excerpt":{"rendered":"<p>Le cause alla base del mal di schiena sono le pi\u00f9 disparate: scoliosi, osteoporosi, traumi di vario tipo ma anche ansia e tensioni .. Dolores \u00e8 l\u2019amica fidata che lotter\u00e0 al vostro fianco o, per meglio dire, sulla vostra schiena per dipanare il dolore cervicale, dorsale, lombare. E lo far\u00e0 con stile! Dolores \u00e8 un &hellip; <\/p>\n<p class=\"link-more\"><a href=\"https:\/\/www.emotionwear.tech\/it\/dolores\/\" class=\"more-link\">Leggi tutto<span class=\"screen-reader-text\"> &#8220;Dolores&#8221;<\/span><\/a><\/p>\n","protected":false},"author":4,"featured_media":0,"parent":0,"menu_order":0,"comment_status":"closed","ping_status":"closed","template":"","meta":{"footnotes":""},"class_list":["post-411","page","type-page","status-publish","hentry"],"_links":{"self":[{"href":"https:\/\/www.emotionwear.tech\/it\/wp-json\/wp\/v2\/pages\/411","targetHints":{"allow":["GET"]}}],"collection":[{"href":"https:\/\/www.emotionwear.tech\/it\/wp-json\/wp\/v2\/pages"}],"about":[{"href":"https:\/\/www.emotionwear.tech\/it\/wp-json\/wp\/v2\/types\/page"}],"author":[{"embeddable":true,"href":"https:\/\/www.emotionwear.tech\/it\/wp-json\/wp\/v2\/users\/4"}],"replies":[{"embeddable":true,"href":"https:\/\/www.emotionwear.tech\/it\/wp-json\/wp\/v2\/comments?post=411"}],"version-history":[{"count":3,"href":"https:\/\/www.emotionwear.tech\/it\/wp-json\/wp\/v2\/pages\/411\/revisions"}],"predecessor-version":[{"id":417,"href":"https:\/\/www.emotionwear.tech\/it\/wp-json\/wp\/v2\/pages\/411\/revisions\/417"}],"wp:attachment":[{"href":"https:\/\/www.emotionwear.tech\/it\/wp-json\/wp\/v2\/media?parent=411"}],"curies":[{"name":"wp","href":"https:\/\/api.w.org\/{rel}","templated":true}]}}